{"id":17,"date":"2016-03-19T22:22:52","date_gmt":"2016-03-19T22:22:52","guid":{"rendered":"http:\/\/blau-rot-schwarz-weiss.de\/wordpress\/?page_id=17"},"modified":"2025-07-22T15:52:27","modified_gmt":"2025-07-22T15:52:27","slug":"ueber-uns-about-us","status":"publish","type":"page","link":"http:\/\/blau-rot-schwarz-weiss.de\/wordpress\/ueber-uns-about-us\/","title":{"rendered":"\u00dcber uns | About us"},"content":{"rendered":"<p style=\"text-align: left;\">Willkommen in der Galerie der Bilder des K\u00fcnstlerpaares Heike Schmidt (Blue Moon) und Michael Schmidt.<br \/>\nWelcome to the gallery of the artist couple Heike Schmidt (Blue Moon) and Michael Schmidt.<\/p>\n<hr>\n<p>Heike Schmidt liebt das Experimentieren mit Farben. Viele Farben stellt sie mit Pigmenten selbst her. Das Ansetzen der Farben, das Experimentieren mit dem richtigen Mischungsverh\u00e4ltnis von Pigmenten und Bindemittel ist f\u00fcr die K\u00fcnstlerin nicht blo\u00dfe Vorbereitung, sondern bereits Teil des k\u00fcnstlerischen Prozesses von der Idee \u00fcber die Umsetzung bis zur Fertigstellung.<br \/>\nInhaltlich besch\u00e4ftigt sich die K\u00fcnstlerin mit den Grundfragen unserer Existenz, dem Entstehen des Universums und der Erde. Besonders ihre Werke der Reihen &#8222;Galaxie&#8220; und &#8222;Dream World&#8220; zeigen die Sehnsucht der K\u00fcnstlerin nach der Unendlichkeit unseres Seins und k\u00f6nnen als Momentaufnahmen der Entstehung des Universums und der Geburt von Galaxien interpretiert werden. Wie Gase sich verdichten, sich mit anderen Elementen mischen und neue Materie entsteht, die sich unter vielf\u00e4ltigen Einfl\u00fcssen immer wieder ver\u00e4ndert, stellt Heike Schmidt mit Farbe, Leinwand und dem Einsatz technischer Hilfsmittel nach.<br \/>\nHeike Schmidt arbeitet bevorzugt mit Blau, der Farbe der Sehnsucht und der Unendlichkeit. F\u00fcr die &#8222;Dream World&#8220;- Serie hat die K\u00fcnstlerin ihre Farbpalette um die Farben Rot und Gr\u00fcn erweitert.<br \/>\nIhre Bilder finden sich in Privatsammlungen in den USA, Australien, der Schweiz und Italien.<\/p>\n<hr>\n<p>Michael Schmidt erz\u00e4hlt Geschichten, deren Anfang und Ende sich nicht immer an fixen Punkten auf dem vorgegebenen Format festmachen lassen. Denn sie machen Aussagen \u00fcber Zust\u00e4nde, Gef\u00fchle, Stimmungen, Eindr\u00fccke, die sich in spontan gesetzten Strichen, Linien und Formen verdichten. Schmidt geht den eigenen Quellen der Inspiration nach und findet darin allgemein Menschliches, Dahinterliegendes, bisweilen Obskures. Er wendet sich in einem Moment bewusst von g\u00e4ngigen Kunstklischees ab, um gleich darauf wieder Traditionelles aufzugreifen.<br \/>\nK\u00fcnstlerische Details und Ideen integriert und verarbeitet Schmidt neu. Ganz gleich, ob es sich um klassische Landschaftsmalerei handelt oder um optische Mischung, ober Georgia O&#8217;Keeffe studiert oder sich von M.C. Escher inspirieren l\u00e4sst. Man findet das freie Formenspiel ebenso wie die grafische Direktheit der Optical Art und des Informel.<br \/>\nBei aller Vielfalt scheint dennoch immer etwas ganz Spezifisches an all diesen Gestaltungsweisen, Strukturen und der speziellen Bildbeschaffenheit zu interessieren: das Grafische als wesentliches Element seiner Kunst. Und mehr noch: das Gestische, Direkte, Assoziativ-Gedankliche. Vielfach findet sich auch Dunkelheit wieder, Abgr\u00fcndiges und Geheimnisvolles \u2013 man f\u00fchlt sich beizeiten an Goya erinnert oder an Giger, aber ohne dessen technische Manieriertheit. Dann wieder Spiel, Ironie und bizarre Formen.<br \/>\nOrganische Strukturen wechseln sich ab, zeichnen einen Raum zwischen Ordnung und Chaos. Dies setzt der K\u00fcnstler immer wieder aufs Neue in ein Spannungsfeld und folgt seiner sch\u00f6pferischen Intuition, so als w\u00fcrde nur im Tun die ideale N\u00e4he und Distanz entstehen. Er nutzt das weitgesteckte Feld der M\u00f6glichkeiten. Und er tut es sozusagen exemplarisch, ohne an einer Idee oder einer Technik zu lange h\u00e4ngen zu bleiben.<br \/>\nSchmidts Bilder versuchen keine reinen Abbilder der Wirklichkeit zu sein, vielmehr sind es poetisch verzerrte, subjektive Momentaufnahmen gef\u00fchlter Realit\u00e4t.<br \/>\nDen Moment zu malen oder zu zeichnen hei\u00dft im Augenblick sein, hei\u00dft im urspr\u00fcnglichen Sinne, etwas Neues zu schaffen. So entstehen aus dem ersten Strich Formen, die sich aus sich selbst heraus entwickeln.<br \/>\nWertvolle Anregungen f\u00fcr seine Arbeit erhielt Schmidt in den Bereichen Malerei, Zeichnung, Linoldruck, Radierung und Siebdruck von Maria Grazia Sacchitelli, Susanne Wolter, Sieger Ragg und Hans-J\u00fcrgen Wolfsturm.<\/p>\n<p>Take also a look at<\/p>\n<p><a href=\"http:\/\/www.blau-rot-schwarz-weiss.de\" target=\"_blank\" rel=\"noopener\">http:\/\/www.blau-rot-schwarz-weiss.de<\/a><\/p>\n<p><a href=\"https:\/\/www.facebook.com\/K%C3%BCnstlerpaar-Heike-und-Michael-Schmidt-Stuttgart-Artistcouple-133803066674145\/?ref=hl\" target=\"_blank\" rel=\"noopener\">K\u00fcnstlerpaar Heike und Michael Schmidt auf Facebook<\/a><\/p>\n<p><a href=\"http:\/\/www.saatchiart.com\/michaelschmidtstuttgart\" target=\"_blank\" rel=\"noopener\">http:\/\/www.saatchiart.com\/michaelschmidtstuttgart for Michael\u2019s work<\/a><\/p>\n<p><a href=\"http:\/\/www.saatchiart.com\/bluemoon\" target=\"_blank\" rel=\"noopener\">http:\/\/www.saatchiart.com\/bluemoon for Heike\u2019s work<\/a><\/p>\n<p><a href=\"https:\/\/blog.singulart.com\/de\/2017\/12\/08\/kunstlerin-heike-schmidt-im-interview\/\" target=\"_blank\" rel=\"noopener\">Blog &#8211; Singulart: K\u00fcnstlerin Heike Schmidt im Interview<\/a><\/p>\n<p>&nbsp;<\/p>\n","protected":false},"excerpt":{"rendered":"<p>Willkommen in der Galerie der Bilder des K\u00fcnstlerpaares Heike Schmidt (Blue Moon) und Michael Schmidt. Welcome to the gallery of the artist couple Heike Schmidt (Blue Moon) and Michael Schmidt. Heike Schmidt liebt das Experimentieren mit Farben. Viele Farben stellt sie mit Pigmenten selbst her. Das Ansetzen der Farben, das Experimentieren mit dem richtigen Mischungsverh\u00e4ltnis &hellip; <a href=\"http:\/\/blau-rot-schwarz-weiss.de\/wordpress\/ueber-uns-about-us\/\" class=\"more-link\"><span class=\"screen-reader-text\">\u00dcber uns | About us<\/span> weiterlesen <span class=\"meta-nav\">&rarr;<\/span><\/a><\/p>\n","protected":false},"author":1,"featured_media":31,"parent":0,"menu_order":1,"comment_status":"closed","ping_status":"closed","template":"","meta":{"ngg_post_thumbnail":0,"footnotes":""},"class_list":["post-17","page","type-page","status-publish","has-post-thumbnail","hentry"],"_links":{"self":[{"href":"http:\/\/blau-rot-schwarz-weiss.de\/wordpress\/wp-json\/wp\/v2\/pages\/17","targetHints":{"allow":["GET"]}}],"collection":[{"href":"http:\/\/blau-rot-schwarz-weiss.de\/wordpress\/wp-json\/wp\/v2\/pages"}],"about":[{"href":"http:\/\/blau-rot-schwarz-weiss.de\/wordpress\/wp-json\/wp\/v2\/types\/page"}],"author":[{"embeddable":true,"href":"http:\/\/blau-rot-schwarz-weiss.de\/wordpress\/wp-json\/wp\/v2\/users\/1"}],"replies":[{"embeddable":true,"href":"http:\/\/blau-rot-schwarz-weiss.de\/wordpress\/wp-json\/wp\/v2\/comments?post=17"}],"version-history":[{"count":26,"href":"http:\/\/blau-rot-schwarz-weiss.de\/wordpress\/wp-json\/wp\/v2\/pages\/17\/revisions"}],"predecessor-version":[{"id":1765,"href":"http:\/\/blau-rot-schwarz-weiss.de\/wordpress\/wp-json\/wp\/v2\/pages\/17\/revisions\/1765"}],"wp:featuredmedia":[{"embeddable":true,"href":"http:\/\/blau-rot-schwarz-weiss.de\/wordpress\/wp-json\/wp\/v2\/media\/31"}],"wp:attachment":[{"href":"http:\/\/blau-rot-schwarz-weiss.de\/wordpress\/wp-json\/wp\/v2\/media?parent=17"}],"curies":[{"name":"wp","href":"https:\/\/api.w.org\/{rel}","templated":true}]}}